{"id":255,"date":"2007-04-05T09:44:46","date_gmt":"2007-04-05T08:44:46","guid":{"rendered":"http:\/\/nk.krasic.com\/?page_id=255"},"modified":"2007-04-05T11:18:54","modified_gmt":"2007-04-05T10:18:54","slug":"fotokrasic-dinamo-zg","status":"publish","type":"page","link":"https:\/\/nk.krasic.com\/?page_id=255","title":{"rendered":"FOTO:KRA\u0160I\u0106-DINAMO ZG"},"content":{"rendered":"<p><strong>Kra\u0161i\u0107-Dinamo Zagreb 1-5<\/strong><\/p>\n<p><img decoding=\"async\" src=\"https:\/\/nk.krasic.com\/wp-content\/uploads\/2007\/04\/02.jpg\" alt=\"02.jpg\" \/><\/p>\n<p><strong>Igra se ispred na\u0161eg gola<\/strong><em><strong> <\/strong><\/em><\/p>\n<p><img decoding=\"async\" src=\"https:\/\/nk.krasic.com\/wp-content\/uploads\/2007\/04\/03.jpg\" alt=\"03.jpg\" \/><\/p>\n<p><strong>FRATRI\u0106 u akciji<\/strong><em><strong> <\/strong><\/em><\/p>\n<p><img decoding=\"async\" src=\"https:\/\/nk.krasic.com\/wp-content\/uploads\/2007\/04\/06.jpg\" alt=\"06.jpg\" \/><\/p>\n<p><strong>\u010cale i ZENGA<em> <\/em><\/strong><\/p>\n<p><img decoding=\"async\" src=\"https:\/\/nk.krasic.com\/wp-content\/uploads\/2007\/04\/07.jpg\" alt=\"07.jpg\" \/><\/p>\n<p><strong>Lopta na sredini terena<\/strong><em><strong> <\/strong><\/em><\/p>\n<p><img decoding=\"async\" src=\"https:\/\/nk.krasic.com\/wp-content\/uploads\/2007\/04\/08.jpg\" alt=\"08.jpg\" \/><\/p>\n<p><strong>Marijan Petkovi\u0107 nemo\u017ee pro\u0107i Bo\u0161tjana Cesara,a jedini strijelac za Kra\u0161i\u0107 Josip \u0160imati\u0107 prati ih pogledom<\/strong><\/p>\n<p><img decoding=\"async\" src=\"https:\/\/nk.krasic.com\/wp-content\/uploads\/2007\/04\/09.jpg\" alt=\"09.jpg\" \/><\/p>\n<p><strong>Rak i obrana NK Kra\u0161i\u0107a Kefi i Sava<\/strong><\/p>\n<p>Od poznatih Dinamovih igra\u010da igrali su:<\/p>\n<p>\u0160arlija,Jozi\u0107,Cesar,\u0106osi\u0107,\u010cale,Kwedi,Hrman,Miki\u0107 i dr.<\/p>\n","protected":false},"excerpt":{"rendered":"<p>Kra\u0161i\u0107-Dinamo Zagreb 1-5 Igra se ispred na\u0161eg gola FRATRI\u0106 u akciji \u010cale i ZENGA Lopta na sredini terena Marijan Petkovi\u0107 nemo\u017ee pro\u0107i Bo\u0161tjana Cesara,a jedini strijelac za Kra\u0161i\u0107 Josip \u0160imati\u0107 prati ih pogledom Rak i obrana NK Kra\u0161i\u0107a Kefi i Sava Od poznatih Dinamovih igra\u010da igrali su: \u0160arlija,Jozi\u0107,Cesar,\u0106osi\u0107,\u010cale,Kwedi,Hrman,Miki\u0107 i dr.<\/p>\n","protected":false},"author":2,"featured_media":0,"parent":0,"menu_order":0,"comment_status":"open","ping_status":"open","template":"","meta":{"footnotes":""},"yoast_head":"<!-- This site is optimized with the Yoast SEO plugin v20.1 - https:\/\/yoast.com\/wordpress\/plugins\/seo\/ -->\n<title>FOTO:KRA\u0160I\u0106-DINAMO ZG - NK Kra\u0161i\u0107<\/title>\n<meta name=\"robots\" content=\"index, follow, max-snippet:-1, max-image-preview:large, max-video-preview:-1\" \/>\n<link rel=\"canonical\" href=\"https:\/\/nk.krasic.com\/?page_id=255\" \/>\n<meta property=\"og:locale\" content=\"en_US\" \/>\n<meta property=\"og:type\" content=\"article\" \/>\n<meta property=\"og:title\" content=\"FOTO:KRA\u0160I\u0106-DINAMO ZG - NK Kra\u0161i\u0107\" \/>\n<meta property=\"og:description\" content=\"Kra\u0161i\u0107-Dinamo Zagreb 1-5 Igra se ispred na\u0161eg gola FRATRI\u0106 u akciji \u010cale i ZENGA Lopta na sredini terena Marijan Petkovi\u0107 nemo\u017ee pro\u0107i Bo\u0161tjana Cesara,a jedini strijelac za Kra\u0161i\u0107 Josip \u0160imati\u0107 prati ih pogledom Rak i obrana NK Kra\u0161i\u0107a Kefi i Sava Od poznatih Dinamovih igra\u010da igrali su: \u0160arlija,Jozi\u0107,Cesar,\u0106osi\u0107,\u010cale,Kwedi,Hrman,Miki\u0107 i dr.\" \/>\n<meta property=\"og:url\" content=\"https:\/\/nk.krasic.com\/?page_id=255\" \/>\n<meta property=\"og:site_name\" content=\"NK Kra\u0161i\u0107\" \/>\n<meta property=\"article:modified_time\" content=\"2007-04-05T10:18:54+00:00\" \/>\n<meta property=\"og:image\" content=\"http:\/\/nk.krasic.com\/wp-content\/uploads\/2007\/04\/02.jpg\" \/>\n<meta name=\"twitter:card\" content=\"summary_large_image\" \/>\n<script type=\"application\/ld+json\" class=\"yoast-schema-graph\">{\"@context\":\"https:\/\/schema.org\",\"@graph\":[{\"@type\":\"WebPage\",\"@id\":\"https:\/\/nk.krasic.com\/?page_id=255\",\"url\":\"https:\/\/nk.krasic.com\/?page_id=255\",\"name\":\"FOTO:KRA\u0160I\u0106-DINAMO ZG - NK Kra\u0161i\u0107\",\"isPartOf\":{\"@id\":\"https:\/\/nk.krasic.com\/#website\"},\"datePublished\":\"2007-04-05T08:44:46+00:00\",\"dateModified\":\"2007-04-05T10:18:54+00:00\",\"breadcrumb\":{\"@id\":\"https:\/\/nk.krasic.com\/?page_id=255#breadcrumb\"},\"inLanguage\":\"en-US\",\"potentialAction\":[{\"@type\":\"ReadAction\",\"target\":[\"https:\/\/nk.krasic.com\/?page_id=255\"]}]},{\"@type\":\"BreadcrumbList\",\"@id\":\"https:\/\/nk.krasic.com\/?page_id=255#breadcrumb\",\"itemListElement\":[{\"@type\":\"ListItem\",\"position\":1,\"name\":\"Home\",\"item\":\"https:\/\/nk.krasic.com\/\"},{\"@type\":\"ListItem\",\"position\":2,\"name\":\"FOTO:KRA\u0160I\u0106-DINAMO ZG\"}]},{\"@type\":\"WebSite\",\"@id\":\"https:\/\/nk.krasic.com\/#website\",\"url\":\"https:\/\/nk.krasic.com\/\",\"name\":\"NK Kra\u0161i\u0107\",\"description\":\"Slu\u017ebene stranice NK&quot;Kra\u0161i\u0107&quot;\",\"potentialAction\":[{\"@type\":\"SearchAction\",\"target\":{\"@type\":\"EntryPoint\",\"urlTemplate\":\"https:\/\/nk.krasic.com\/?s={search_term_string}\"},\"query-input\":\"required name=search_term_string\"}],\"inLanguage\":\"en-US\"}]}<\/script>\n<!-- \/ Yoast SEO plugin. -->","yoast_head_json":{"title":"FOTO:KRA\u0160I\u0106-DINAMO ZG - NK Kra\u0161i\u0107","robots":{"index":"index","follow":"follow","max-snippet":"max-snippet:-1","max-image-preview":"max-image-preview:large","max-video-preview":"max-video-preview:-1"},"canonical":"https:\/\/nk.krasic.com\/?page_id=255","og_locale":"en_US","og_type":"article","og_title":"FOTO:KRA\u0160I\u0106-DINAMO ZG - NK Kra\u0161i\u0107","og_description":"Kra\u0161i\u0107-Dinamo Zagreb 1-5 Igra se ispred na\u0161eg gola FRATRI\u0106 u akciji \u010cale i ZENGA Lopta na sredini terena Marijan Petkovi\u0107 nemo\u017ee pro\u0107i Bo\u0161tjana Cesara,a jedini strijelac za Kra\u0161i\u0107 Josip \u0160imati\u0107 prati ih pogledom Rak i obrana NK Kra\u0161i\u0107a Kefi i Sava Od poznatih Dinamovih igra\u010da igrali su: \u0160arlija,Jozi\u0107,Cesar,\u0106osi\u0107,\u010cale,Kwedi,Hrman,Miki\u0107 i dr.","og_url":"https:\/\/nk.krasic.com\/?page_id=255","og_site_name":"NK Kra\u0161i\u0107","article_modified_time":"2007-04-05T10:18:54+00:00","og_image":[{"url":"http:\/\/nk.krasic.com\/wp-content\/uploads\/2007\/04\/02.jpg"}],"twitter_card":"summary_large_image","schema":{"@context":"https:\/\/schema.org","@graph":[{"@type":"WebPage","@id":"https:\/\/nk.krasic.com\/?page_id=255","url":"https:\/\/nk.krasic.com\/?page_id=255","name":"FOTO:KRA\u0160I\u0106-DINAMO ZG - NK Kra\u0161i\u0107","isPartOf":{"@id":"https:\/\/nk.krasic.com\/#website"},"datePublished":"2007-04-05T08:44:46+00:00","dateModified":"2007-04-05T10:18:54+00:00","breadcrumb":{"@id":"https:\/\/nk.krasic.com\/?page_id=255#breadcrumb"},"inLanguage":"en-US","potentialAction":[{"@type":"ReadAction","target":["https:\/\/nk.krasic.com\/?page_id=255"]}]},{"@type":"BreadcrumbList","@id":"https:\/\/nk.krasic.com\/?page_id=255#breadcrumb","itemListElement":[{"@type":"ListItem","position":1,"name":"Home","item":"https:\/\/nk.krasic.com\/"},{"@type":"ListItem","position":2,"name":"FOTO:KRA\u0160I\u0106-DINAMO ZG"}]},{"@type":"WebSite","@id":"https:\/\/nk.krasic.com\/#website","url":"https:\/\/nk.krasic.com\/","name":"NK Kra\u0161i\u0107","description":"Slu\u017ebene stranice NK&quot;Kra\u0161i\u0107&quot;","potentialAction":[{"@type":"SearchAction","target":{"@type":"EntryPoint","urlTemplate":"https:\/\/nk.krasic.com\/?s={search_term_string}"},"query-input":"required name=search_term_string"}],"inLanguage":"en-US"}]}},"_links":{"self":[{"href":"https:\/\/nk.krasic.com\/index.php?rest_route=\/wp\/v2\/pages\/255"}],"collection":[{"href":"https:\/\/nk.krasic.com\/index.php?rest_route=\/wp\/v2\/pages"}],"about":[{"href":"https:\/\/nk.krasic.com\/index.php?rest_route=\/wp\/v2\/types\/page"}],"author":[{"embeddable":true,"href":"https:\/\/nk.krasic.com\/index.php?rest_route=\/wp\/v2\/users\/2"}],"replies":[{"embeddable":true,"href":"https:\/\/nk.krasic.com\/index.php?rest_route=%2Fwp%2Fv2%2Fcomments&post=255"}],"version-history":[{"count":0,"href":"https:\/\/nk.krasic.com\/index.php?rest_route=\/wp\/v2\/pages\/255\/revisions"}],"wp:attachment":[{"href":"https:\/\/nk.krasic.com\/index.php?rest_route=%2Fwp%2Fv2%2Fmedia&parent=255"}],"curies":[{"name":"wp","href":"https:\/\/api.w.org\/{rel}","templated":true}]}}