{"id":1187,"date":"2008-05-27T23:07:15","date_gmt":"2008-05-27T22:07:15","guid":{"rendered":"http:\/\/nk.krasic.com\/?page_id=1187"},"modified":"2008-05-27T23:18:06","modified_gmt":"2008-05-27T22:18:06","slug":"kupproslava","status":"publish","type":"page","link":"https:\/\/nk.krasic.com\/?page_id=1187","title":{"rendered":"Kup:Proslava"},"content":{"rendered":"<p>Proslava u Caffeu bar &#8220;M&#8221;<\/p>\n<p>22.05.2008.<\/p>\n<p><a href=\"https:\/\/nk.krasic.com\/wp-content\/uploads\/2008\/05\/img_1596.jpg\" title=\"img_1596.jpg\"><img decoding=\"async\" src=\"https:\/\/nk.krasic.com\/wp-content\/uploads\/2008\/05\/img_1596.thumbnail.jpg\" alt=\"img_1596.jpg\" \/><\/a> <a href=\"https:\/\/nk.krasic.com\/wp-content\/uploads\/2008\/05\/img_1597.jpg\" title=\"img_1597.jpg\"><img decoding=\"async\" src=\"https:\/\/nk.krasic.com\/wp-content\/uploads\/2008\/05\/img_1597.thumbnail.jpg\" alt=\"img_1597.jpg\" \/><\/a><\/p>\n<p><a href=\"https:\/\/nk.krasic.com\/wp-content\/uploads\/2008\/05\/img_1600.jpg\" title=\"img_1600.jpg\"><img decoding=\"async\" src=\"https:\/\/nk.krasic.com\/wp-content\/uploads\/2008\/05\/img_1600.thumbnail.jpg\" alt=\"img_1600.jpg\" \/><\/a> <a href=\"https:\/\/nk.krasic.com\/wp-content\/uploads\/2008\/05\/img_1598.jpg\" title=\"img_1598.jpg\"><img decoding=\"async\" src=\"https:\/\/nk.krasic.com\/wp-content\/uploads\/2008\/05\/img_1598.thumbnail.jpg\" alt=\"img_1598.jpg\" \/><\/a><\/p>\n<p><a href=\"https:\/\/nk.krasic.com\/wp-content\/uploads\/2008\/05\/img_1603.jpg\" title=\"img_1603.jpg\"><img decoding=\"async\" src=\"https:\/\/nk.krasic.com\/wp-content\/uploads\/2008\/05\/img_1603.thumbnail.jpg\" alt=\"img_1603.jpg\" \/><\/a> <a href=\"https:\/\/nk.krasic.com\/wp-content\/uploads\/2008\/05\/img_1606.jpg\" title=\"img_1606.jpg\"><img decoding=\"async\" src=\"https:\/\/nk.krasic.com\/wp-content\/uploads\/2008\/05\/img_1606.thumbnail.jpg\" alt=\"img_1606.jpg\" \/> <\/a><a href=\"https:\/\/nk.krasic.com\/wp-content\/uploads\/2008\/05\/img_1608.jpg\" title=\"img_1608.jpg\"><img decoding=\"async\" src=\"https:\/\/nk.krasic.com\/wp-content\/uploads\/2008\/05\/img_1608.thumbnail.jpg\" alt=\"img_1608.jpg\" \/><\/a><\/p>\n<p><a href=\"https:\/\/nk.krasic.com\/wp-content\/uploads\/2008\/05\/img_1609.jpg\" title=\"img_1609.jpg\"><img decoding=\"async\" src=\"https:\/\/nk.krasic.com\/wp-content\/uploads\/2008\/05\/img_1609.thumbnail.jpg\" alt=\"img_1609.jpg\" \/><\/a>  <a href=\"https:\/\/nk.krasic.com\/wp-content\/uploads\/2008\/05\/img_1610.jpg\" title=\"img_1610.jpg\"><img decoding=\"async\" src=\"https:\/\/nk.krasic.com\/wp-content\/uploads\/2008\/05\/img_1610.thumbnail.jpg\" alt=\"img_1610.jpg\" \/><\/a><\/p>\n<p><a href=\"https:\/\/nk.krasic.com\/wp-content\/uploads\/2008\/05\/img_1612.jpg\" title=\"img_1612.jpg\"><img decoding=\"async\" src=\"https:\/\/nk.krasic.com\/wp-content\/uploads\/2008\/05\/img_1612.thumbnail.jpg\" alt=\"img_1612.jpg\" \/><\/a> <a href=\"https:\/\/nk.krasic.com\/wp-content\/uploads\/2008\/05\/img_1613.jpg\" title=\"img_1613.jpg\"><img decoding=\"async\" src=\"https:\/\/nk.krasic.com\/wp-content\/uploads\/2008\/05\/img_1613.thumbnail.jpg\" alt=\"img_1613.jpg\" \/> <\/a><a href=\"https:\/\/nk.krasic.com\/wp-content\/uploads\/2008\/05\/img_1616.jpg\" title=\"img_1616.jpg\"><img decoding=\"async\" src=\"https:\/\/nk.krasic.com\/wp-content\/uploads\/2008\/05\/img_1616.thumbnail.jpg\" alt=\"img_1616.jpg\" \/><\/a><\/p>\n<p><a href=\"https:\/\/nk.krasic.com\/wp-content\/uploads\/2008\/05\/img_1618.jpg\" title=\"img_1618.jpg\"><img decoding=\"async\" src=\"https:\/\/nk.krasic.com\/wp-content\/uploads\/2008\/05\/img_1618.thumbnail.jpg\" alt=\"img_1618.jpg\" \/><\/a> <a href=\"https:\/\/nk.krasic.com\/wp-content\/uploads\/2008\/05\/img_1620.jpg\" title=\"img_1620.jpg\"><img decoding=\"async\" src=\"https:\/\/nk.krasic.com\/wp-content\/uploads\/2008\/05\/img_1620.thumbnail.jpg\" alt=\"img_1620.jpg\" \/> <\/a><a href=\"https:\/\/nk.krasic.com\/wp-content\/uploads\/2008\/05\/img_1622.jpg\" title=\"img_1622.jpg\"><img decoding=\"async\" src=\"https:\/\/nk.krasic.com\/wp-content\/uploads\/2008\/05\/img_1622.thumbnail.jpg\" alt=\"img_1622.jpg\" \/><\/a><br \/>\n<a href=\"https:\/\/nk.krasic.com\/wp-content\/uploads\/2008\/05\/img_1624.jpg\" title=\"img_1624.jpg\"><img decoding=\"async\" src=\"https:\/\/nk.krasic.com\/wp-content\/uploads\/2008\/05\/img_1624.thumbnail.jpg\" alt=\"img_1624.jpg\" \/><\/a> <a href=\"https:\/\/nk.krasic.com\/wp-content\/uploads\/2008\/05\/img_1625.jpg\" title=\"img_1625.jpg\"><img decoding=\"async\" src=\"https:\/\/nk.krasic.com\/wp-content\/uploads\/2008\/05\/img_1625.thumbnail.jpg\" alt=\"img_1625.jpg\" \/><\/a><\/p>\n<p><a href=\"https:\/\/nk.krasic.com\/wp-content\/uploads\/2008\/05\/img_1630.jpg\" title=\"img_1630.jpg\"><img decoding=\"async\" src=\"https:\/\/nk.krasic.com\/wp-content\/uploads\/2008\/05\/img_1630.thumbnail.jpg\" alt=\"img_1630.jpg\" \/> <\/a><a href=\"https:\/\/nk.krasic.com\/wp-content\/uploads\/2008\/05\/img_1637.jpg\" title=\"img_1637.jpg\"><img decoding=\"async\" src=\"https:\/\/nk.krasic.com\/wp-content\/uploads\/2008\/05\/img_1637.thumbnail.jpg\" alt=\"img_1637.jpg\" \/><\/a><\/p>\n<p><a href=\"https:\/\/nk.krasic.com\/wp-content\/uploads\/2008\/05\/img_1641.jpg\" title=\"img_1641.jpg\"><img decoding=\"async\" src=\"https:\/\/nk.krasic.com\/wp-content\/uploads\/2008\/05\/img_1641.thumbnail.jpg\" alt=\"img_1641.jpg\" \/><\/a> <a href=\"https:\/\/nk.krasic.com\/wp-content\/uploads\/2008\/05\/img_1643.jpg\" title=\"img_1643.jpg\"><img decoding=\"async\" src=\"https:\/\/nk.krasic.com\/wp-content\/uploads\/2008\/05\/img_1643.thumbnail.jpg\" alt=\"img_1643.jpg\" \/><\/a><\/p>\n<p><a href=\"https:\/\/nk.krasic.com\/wp-content\/uploads\/2008\/05\/img_1644.jpg\" title=\"img_1644.jpg\"><img decoding=\"async\" src=\"https:\/\/nk.krasic.com\/wp-content\/uploads\/2008\/05\/img_1644.thumbnail.jpg\" alt=\"img_1644.jpg\" \/><\/a> <a href=\"https:\/\/nk.krasic.com\/wp-content\/uploads\/2008\/05\/img_1646.jpg\" title=\"img_1646.jpg\"><img decoding=\"async\" src=\"https:\/\/nk.krasic.com\/wp-content\/uploads\/2008\/05\/img_1646.thumbnail.jpg\" alt=\"img_1646.jpg\" \/><\/a><\/p>\n<p><a href=\"https:\/\/nk.krasic.com\/wp-content\/uploads\/2008\/05\/img_1647.jpg\" title=\"img_1647.jpg\"><img decoding=\"async\" src=\"https:\/\/nk.krasic.com\/wp-content\/uploads\/2008\/05\/img_1647.thumbnail.jpg\" alt=\"img_1647.jpg\" \/><\/a> <a href=\"https:\/\/nk.krasic.com\/wp-content\/uploads\/2008\/05\/img_1649.jpg\" title=\"img_1649.jpg\"><img decoding=\"async\" src=\"https:\/\/nk.krasic.com\/wp-content\/uploads\/2008\/05\/img_1649.thumbnail.jpg\" alt=\"img_1649.jpg\" \/><\/a><\/p>\n<p><a href=\"https:\/\/nk.krasic.com\/wp-content\/uploads\/2008\/05\/img_1650.jpg\" title=\"img_1650.jpg\"><img decoding=\"async\" src=\"https:\/\/nk.krasic.com\/wp-content\/uploads\/2008\/05\/img_1650.thumbnail.jpg\" alt=\"img_1650.jpg\" \/> <\/a><a href=\"https:\/\/nk.krasic.com\/wp-content\/uploads\/2008\/05\/img_1651.jpg\" title=\"img_1651.jpg\"><img decoding=\"async\" src=\"https:\/\/nk.krasic.com\/wp-content\/uploads\/2008\/05\/img_1651.thumbnail.jpg\" alt=\"img_1651.jpg\" \/><\/a><\/p>\n<p><a href=\"https:\/\/nk.krasic.com\/wp-content\/uploads\/2008\/05\/img_1654.jpg\" title=\"img_1654.jpg\"><img decoding=\"async\" src=\"https:\/\/nk.krasic.com\/wp-content\/uploads\/2008\/05\/img_1654.thumbnail.jpg\" alt=\"img_1654.jpg\" \/><\/a> <a href=\"https:\/\/nk.krasic.com\/wp-content\/uploads\/2008\/05\/img_1655.jpg\" title=\"img_1655.jpg\"><img decoding=\"async\" src=\"https:\/\/nk.krasic.com\/wp-content\/uploads\/2008\/05\/img_1655.thumbnail.jpg\" alt=\"img_1655.jpg\" \/><\/a><\/p>\n<p><a href=\"https:\/\/nk.krasic.com\/wp-content\/uploads\/2008\/05\/img_1656.jpg\" title=\"img_1656.jpg\"><img decoding=\"async\" src=\"https:\/\/nk.krasic.com\/wp-content\/uploads\/2008\/05\/img_1656.thumbnail.jpg\" alt=\"img_1656.jpg\" \/><\/a> <a href=\"https:\/\/nk.krasic.com\/wp-content\/uploads\/2008\/05\/img_1661.jpg\" title=\"img_1661.jpg\"><img decoding=\"async\" src=\"https:\/\/nk.krasic.com\/wp-content\/uploads\/2008\/05\/img_1661.thumbnail.jpg\" alt=\"img_1661.jpg\" \/><\/a><\/p>\n<p><a href=\"https:\/\/nk.krasic.com\/wp-content\/uploads\/2008\/05\/img_1664.jpg\" title=\"img_1664.jpg\"><img decoding=\"async\" src=\"https:\/\/nk.krasic.com\/wp-content\/uploads\/2008\/05\/img_1664.thumbnail.jpg\" alt=\"img_1664.jpg\" \/><\/a> <a href=\"https:\/\/nk.krasic.com\/wp-content\/uploads\/2008\/05\/img_1665.jpg\" title=\"img_1665.jpg\"><img decoding=\"async\" src=\"https:\/\/nk.krasic.com\/wp-content\/uploads\/2008\/05\/img_1665.thumbnail.jpg\" alt=\"img_1665.jpg\" \/><\/a><\/p>\n<p><a href=\"https:\/\/nk.krasic.com\/wp-content\/uploads\/2008\/05\/img_1669.jpg\" title=\"img_1669.jpg\"><img decoding=\"async\" src=\"https:\/\/nk.krasic.com\/wp-content\/uploads\/2008\/05\/img_1669.thumbnail.jpg\" alt=\"img_1669.jpg\" \/><\/a> <a href=\"https:\/\/nk.krasic.com\/wp-content\/uploads\/2008\/05\/img_1670.jpg\" title=\"img_1670.jpg\"><img decoding=\"async\" src=\"https:\/\/nk.krasic.com\/wp-content\/uploads\/2008\/05\/img_1670.thumbnail.jpg\" alt=\"img_1670.jpg\" \/><\/a><\/p>\n<p><a href=\"https:\/\/nk.krasic.com\/wp-content\/uploads\/2008\/05\/img_1671.jpg\" title=\"img_1671.jpg\"><img decoding=\"async\" src=\"https:\/\/nk.krasic.com\/wp-content\/uploads\/2008\/05\/img_1671.thumbnail.jpg\" alt=\"img_1671.jpg\" \/><\/a> <a href=\"https:\/\/nk.krasic.com\/wp-content\/uploads\/2008\/05\/img_1672.jpg\" title=\"img_1672.jpg\"><img decoding=\"async\" src=\"https:\/\/nk.krasic.com\/wp-content\/uploads\/2008\/05\/img_1672.thumbnail.jpg\" alt=\"img_1672.jpg\" \/><\/a><\/p>\n<p><a href=\"https:\/\/nk.krasic.com\/wp-content\/uploads\/2008\/05\/img_1675.jpg\" title=\"img_1675.jpg\"><img decoding=\"async\" src=\"https:\/\/nk.krasic.com\/wp-content\/uploads\/2008\/05\/img_1675.thumbnail.jpg\" alt=\"img_1675.jpg\" \/><\/a> <a href=\"https:\/\/nk.krasic.com\/wp-content\/uploads\/2008\/05\/img_1674.jpg\" title=\"img_1674.jpg\"><img decoding=\"async\" src=\"https:\/\/nk.krasic.com\/wp-content\/uploads\/2008\/05\/img_1674.thumbnail.jpg\" alt=\"img_1674.jpg\" \/><\/a><\/p>\n<p><a href=\"https:\/\/nk.krasic.com\/wp-content\/uploads\/2008\/05\/img_1676.jpg\" title=\"img_1676.jpg\"><img decoding=\"async\" src=\"https:\/\/nk.krasic.com\/wp-content\/uploads\/2008\/05\/img_1676.thumbnail.jpg\" alt=\"img_1676.jpg\" \/><\/a> <a href=\"https:\/\/nk.krasic.com\/wp-content\/uploads\/2008\/05\/img_1683.jpg\" title=\"img_1683.jpg\"><img decoding=\"async\" src=\"https:\/\/nk.krasic.com\/wp-content\/uploads\/2008\/05\/img_1683.thumbnail.jpg\" alt=\"img_1683.jpg\" \/> <\/a><a href=\"https:\/\/nk.krasic.com\/wp-content\/uploads\/2008\/05\/img_1689.jpg\" title=\"img_1689.jpg\"><img decoding=\"async\" src=\"https:\/\/nk.krasic.com\/wp-content\/uploads\/2008\/05\/img_1689.thumbnail.jpg\" alt=\"img_1689.jpg\" \/><\/a><\/p>\n<p><a href=\"https:\/\/nk.krasic.com\/wp-content\/uploads\/2008\/05\/img_1690.jpg\" title=\"img_1690.jpg\"><img decoding=\"async\" src=\"https:\/\/nk.krasic.com\/wp-content\/uploads\/2008\/05\/img_1690.thumbnail.jpg\" alt=\"img_1690.jpg\" \/><\/a> <a href=\"https:\/\/nk.krasic.com\/wp-content\/uploads\/2008\/05\/img_1695.jpg\" title=\"img_1695.jpg\"><img decoding=\"async\" src=\"https:\/\/nk.krasic.com\/wp-content\/uploads\/2008\/05\/img_1695.thumbnail.jpg\" alt=\"img_1695.jpg\" \/><\/a><\/p>\n<p><a href=\"https:\/\/nk.krasic.com\/wp-content\/uploads\/2008\/05\/img_1708.jpg\" title=\"img_1708.jpg\"><img decoding=\"async\" src=\"https:\/\/nk.krasic.com\/wp-content\/uploads\/2008\/05\/img_1708.thumbnail.jpg\" alt=\"img_1708.jpg\" \/><\/a> <a href=\"https:\/\/nk.krasic.com\/wp-content\/uploads\/2008\/05\/img_1714.jpg\" title=\"img_1714.jpg\"><img decoding=\"async\" src=\"https:\/\/nk.krasic.com\/wp-content\/uploads\/2008\/05\/img_1714.thumbnail.jpg\" alt=\"img_1714.jpg\" \/><\/a><\/p>\n<p><a href=\"https:\/\/nk.krasic.com\/wp-content\/uploads\/2008\/05\/img_1739.jpg\" title=\"img_1739.jpg\"><img decoding=\"async\" src=\"https:\/\/nk.krasic.com\/wp-content\/uploads\/2008\/05\/img_1739.thumbnail.jpg\" alt=\"img_1739.jpg\" \/><\/a> <a href=\"https:\/\/nk.krasic.com\/wp-content\/uploads\/2008\/05\/img_1761.jpg\" title=\"img_1761.jpg\"><img decoding=\"async\" src=\"https:\/\/nk.krasic.com\/wp-content\/uploads\/2008\/05\/img_1761.thumbnail.jpg\" alt=\"img_1761.jpg\" \/><\/a><\/p>\n<p><a href=\"https:\/\/nk.krasic.com\/wp-content\/uploads\/2008\/05\/img_1767.jpg\" title=\"img_1767.jpg\"><img decoding=\"async\" src=\"https:\/\/nk.krasic.com\/wp-content\/uploads\/2008\/05\/img_1767.thumbnail.jpg\" alt=\"img_1767.jpg\" \/><\/a> <a href=\"https:\/\/nk.krasic.com\/wp-content\/uploads\/2008\/05\/img_1786.jpg\" title=\"img_1786.jpg\"><img decoding=\"async\" src=\"https:\/\/nk.krasic.com\/wp-content\/uploads\/2008\/05\/img_1786.thumbnail.jpg\" alt=\"img_1786.jpg\" \/><\/a><\/p>\n<p><a href=\"https:\/\/nk.krasic.com\/wp-content\/uploads\/2008\/05\/img_1800.jpg\" title=\"img_1800.jpg\"><img decoding=\"async\" src=\"https:\/\/nk.krasic.com\/wp-content\/uploads\/2008\/05\/img_1800.thumbnail.jpg\" alt=\"img_1800.jpg\" \/> <\/a><a href=\"https:\/\/nk.krasic.com\/wp-content\/uploads\/2008\/05\/img_1811.jpg\" title=\"img_1811.jpg\"><img decoding=\"async\" src=\"https:\/\/nk.krasic.com\/wp-content\/uploads\/2008\/05\/img_1811.thumbnail.jpg\" alt=\"img_1811.jpg\" \/><\/a><\/p>\n","protected":false},"excerpt":{"rendered":"<p>Proslava u Caffeu bar &#8220;M&#8221; 22.05.2008.<\/p>\n","protected":false},"author":2,"featured_media":0,"parent":0,"menu_order":0,"comment_status":"open","ping_status":"open","template":"","meta":{"footnotes":""},"yoast_head":"<!-- This site is optimized with the Yoast SEO plugin v20.1 - https:\/\/yoast.com\/wordpress\/plugins\/seo\/ -->\n<title>Kup:Proslava - NK Kra\u0161i\u0107<\/title>\n<meta name=\"robots\" content=\"index, follow, max-snippet:-1, max-image-preview:large, max-video-preview:-1\" \/>\n<link rel=\"canonical\" href=\"https:\/\/nk.krasic.com\/?page_id=1187\" \/>\n<meta property=\"og:locale\" content=\"en_US\" \/>\n<meta property=\"og:type\" content=\"article\" \/>\n<meta property=\"og:title\" content=\"Kup:Proslava - NK Kra\u0161i\u0107\" \/>\n<meta property=\"og:description\" content=\"Proslava u Caffeu bar &#8220;M&#8221; 22.05.2008.\" \/>\n<meta property=\"og:url\" content=\"https:\/\/nk.krasic.com\/?page_id=1187\" \/>\n<meta property=\"og:site_name\" content=\"NK Kra\u0161i\u0107\" \/>\n<meta property=\"article:modified_time\" content=\"2008-05-27T22:18:06+00:00\" \/>\n<meta property=\"og:image\" content=\"http:\/\/nk.krasic.com\/wp-content\/uploads\/2008\/05\/img_1596.thumbnail.jpg\" \/>\n<meta name=\"twitter:card\" content=\"summary_large_image\" \/>\n<script type=\"application\/ld+json\" class=\"yoast-schema-graph\">{\"@context\":\"https:\/\/schema.org\",\"@graph\":[{\"@type\":\"WebPage\",\"@id\":\"https:\/\/nk.krasic.com\/?page_id=1187\",\"url\":\"https:\/\/nk.krasic.com\/?page_id=1187\",\"name\":\"Kup:Proslava - NK Kra\u0161i\u0107\",\"isPartOf\":{\"@id\":\"https:\/\/nk.krasic.com\/#website\"},\"datePublished\":\"2008-05-27T22:07:15+00:00\",\"dateModified\":\"2008-05-27T22:18:06+00:00\",\"breadcrumb\":{\"@id\":\"https:\/\/nk.krasic.com\/?page_id=1187#breadcrumb\"},\"inLanguage\":\"en-US\",\"potentialAction\":[{\"@type\":\"ReadAction\",\"target\":[\"https:\/\/nk.krasic.com\/?page_id=1187\"]}]},{\"@type\":\"BreadcrumbList\",\"@id\":\"https:\/\/nk.krasic.com\/?page_id=1187#breadcrumb\",\"itemListElement\":[{\"@type\":\"ListItem\",\"position\":1,\"name\":\"Home\",\"item\":\"https:\/\/nk.krasic.com\/\"},{\"@type\":\"ListItem\",\"position\":2,\"name\":\"Kup:Proslava\"}]},{\"@type\":\"WebSite\",\"@id\":\"https:\/\/nk.krasic.com\/#website\",\"url\":\"https:\/\/nk.krasic.com\/\",\"name\":\"NK Kra\u0161i\u0107\",\"description\":\"Slu\u017ebene stranice NK&quot;Kra\u0161i\u0107&quot;\",\"potentialAction\":[{\"@type\":\"SearchAction\",\"target\":{\"@type\":\"EntryPoint\",\"urlTemplate\":\"https:\/\/nk.krasic.com\/?s={search_term_string}\"},\"query-input\":\"required name=search_term_string\"}],\"inLanguage\":\"en-US\"}]}<\/script>\n<!-- \/ Yoast SEO plugin. -->","yoast_head_json":{"title":"Kup:Proslava - NK Kra\u0161i\u0107","robots":{"index":"index","follow":"follow","max-snippet":"max-snippet:-1","max-image-preview":"max-image-preview:large","max-video-preview":"max-video-preview:-1"},"canonical":"https:\/\/nk.krasic.com\/?page_id=1187","og_locale":"en_US","og_type":"article","og_title":"Kup:Proslava - NK Kra\u0161i\u0107","og_description":"Proslava u Caffeu bar &#8220;M&#8221; 22.05.2008.","og_url":"https:\/\/nk.krasic.com\/?page_id=1187","og_site_name":"NK Kra\u0161i\u0107","article_modified_time":"2008-05-27T22:18:06+00:00","og_image":[{"url":"http:\/\/nk.krasic.com\/wp-content\/uploads\/2008\/05\/img_1596.thumbnail.jpg"}],"twitter_card":"summary_large_image","schema":{"@context":"https:\/\/schema.org","@graph":[{"@type":"WebPage","@id":"https:\/\/nk.krasic.com\/?page_id=1187","url":"https:\/\/nk.krasic.com\/?page_id=1187","name":"Kup:Proslava - NK Kra\u0161i\u0107","isPartOf":{"@id":"https:\/\/nk.krasic.com\/#website"},"datePublished":"2008-05-27T22:07:15+00:00","dateModified":"2008-05-27T22:18:06+00:00","breadcrumb":{"@id":"https:\/\/nk.krasic.com\/?page_id=1187#breadcrumb"},"inLanguage":"en-US","potentialAction":[{"@type":"ReadAction","target":["https:\/\/nk.krasic.com\/?page_id=1187"]}]},{"@type":"BreadcrumbList","@id":"https:\/\/nk.krasic.com\/?page_id=1187#breadcrumb","itemListElement":[{"@type":"ListItem","position":1,"name":"Home","item":"https:\/\/nk.krasic.com\/"},{"@type":"ListItem","position":2,"name":"Kup:Proslava"}]},{"@type":"WebSite","@id":"https:\/\/nk.krasic.com\/#website","url":"https:\/\/nk.krasic.com\/","name":"NK Kra\u0161i\u0107","description":"Slu\u017ebene stranice NK&quot;Kra\u0161i\u0107&quot;","potentialAction":[{"@type":"SearchAction","target":{"@type":"EntryPoint","urlTemplate":"https:\/\/nk.krasic.com\/?s={search_term_string}"},"query-input":"required name=search_term_string"}],"inLanguage":"en-US"}]}},"_links":{"self":[{"href":"https:\/\/nk.krasic.com\/index.php?rest_route=\/wp\/v2\/pages\/1187"}],"collection":[{"href":"https:\/\/nk.krasic.com\/index.php?rest_route=\/wp\/v2\/pages"}],"about":[{"href":"https:\/\/nk.krasic.com\/index.php?rest_route=\/wp\/v2\/types\/page"}],"author":[{"embeddable":true,"href":"https:\/\/nk.krasic.com\/index.php?rest_route=\/wp\/v2\/users\/2"}],"replies":[{"embeddable":true,"href":"https:\/\/nk.krasic.com\/index.php?rest_route=%2Fwp%2Fv2%2Fcomments&post=1187"}],"version-history":[{"count":0,"href":"https:\/\/nk.krasic.com\/index.php?rest_route=\/wp\/v2\/pages\/1187\/revisions"}],"wp:attachment":[{"href":"https:\/\/nk.krasic.com\/index.php?rest_route=%2Fwp%2Fv2%2Fmedia&parent=1187"}],"curies":[{"name":"wp","href":"https:\/\/api.w.org\/{rel}","templated":true}]}}